{"id":2,"date":"2015-11-10T08:55:37","date_gmt":"2015-11-10T06:55:37","guid":{"rendered":"http:\/\/klang-schwingung.de\/?page_id=2"},"modified":"2024-04-11T04:49:21","modified_gmt":"2024-04-11T03:49:21","slug":"beispiel-seite","status":"publish","type":"page","link":"https:\/\/klang-schwingung.de\/","title":{"rendered":""},"content":{"rendered":"<h3 style=\"text-align: center;\"><span style=\"color: #c2800e;\"><strong>&nbsp;<\/strong><em>\u201eWir k\u00f6nnen den Wind nicht \u00e4ndern, aber die Segel anders setzen\u201d (<\/em><em>Aristoteles)<\/em><\/span><\/h3>\n<h6>&nbsp;<\/h6>\n<h1 style=\"text-align: center;\"><span style=\"color: #d11a0d;\">Kl\u00e4nge sind h\u00f6r- und sp\u00fcrbare Schwingungen<\/span><\/h1>\n<h1 style=\"text-align: center;\"><span style=\"color: #d11919;\">Sie ber\u00fchren uns in unserer Gesamtheit<\/span><span style=\"color: #cf0404;\"><br><\/span><\/h1>\n<h1 style=\"text-align: center;\"><span style=\"color: #d11a0d;\">L<\/span><span style=\"color: #d11a0d;\">osgel\u00f6st von <\/span><span style=\"color: #d11a0d;\">Raum <\/span><span style=\"color: #d11a0d;\">und <\/span><span style=\"color: #d11a0d;\">Zeit<\/span><span style=\"color: #d11a0d;\">&nbsp; <\/span><\/h1>\n<h1 style=\"text-align: center;\"><span style=\"color: #d11a0d;\">Wertvolle Ruhe-Inseln<\/span><\/h1>\n<h1 style=\"text-align: center;\"><span style=\"color: #c90808;\">im lauten Alltag<\/span><\/h1>\n<p style=\"text-align: center;\"><span style=\"color: #ad022d;\"><strong>&nbsp;<\/strong><\/span><\/p>\n<p style=\"text-align: justify;\"><span style=\"color: #666699;\"><strong>Unser K\u00f6r\u00adper\u00adsys\u00adtem<\/strong> ist ein gro\u00ad\u00dfes Wun\u00adder\u00adwerk in kleins\u00adtem For\u00admat. Wie ein Apfel\u00adkern, der den Bau\u00adplan eines kom\u00adplet\u00adten Bau\u00admes in sich tr\u00e4gt, so tr\u00e4gt jede ein\u00adzel\u00adne K\u00f6r\u00adper\u00adzel\u00adle alle Infor\u00adma\u00adtio\u00adnen des Indi\u00advi\u00addu\u00adums in sich. Im Bruch\u00adteil einer Sekun\u00adde nimmt sie eine Viel\u00adzahl von neu\u00aden Infor\u00adma\u00adtio\u00adnen auf und kom\u00admu\u00adni\u00adziert best\u00e4n\u00addig mit allen ande\u00adren Zel\u00adlen. Jede ein\u00adzel\u00adne K\u00f6r\u00adper\u00adzel\u00adle kann \u00fcber die\u00adse F\u00e4hig\u00adkeit das mensch\u00adli\u00adche Wohl-Sein erh\u00f6\u00adhen. Sie die\u00adnen uns in jeder Sekun\u00adde \u2013 ein Leben lang. Ein ein\u00adfa\u00adches, wohl\u00adtu\u00aden\u00addes und bewu\u00df\u00adtes <span class=\"caps\">DANKE<\/span> an unse\u00adre Zel\u00adlen \u2013 und damit an unser Sys\u00adtem in sei\u00adner Ganz\u00adheit \u2013 ent\u00adsteht durch Schwin\u00adgun\u00adgen. Ob Gedan\u00adken\u00adschwin\u00adgun\u00adgen, unse\u00adrem eige\u00adnem Klang \u2013 wie der Stim\u00adme \u2013 oder durch nat\u00fcr\u00adli\u00adche Kl\u00e4nge.&nbsp;<br><\/span><\/p>\n<p style=\"text-align: justify;\"><span style=\"color: #666699;\"><strong>Nat\u00fcr\u00adli\u00adche Kl\u00e4n\u00adge<\/strong> ent\u00adste\u00adhen z.B. durch ober\u00adton\u00adrei\u00adche Instru\u00admen\u00adte wie Klang\u00adscha\u00adlen und Gongs. Auf den K\u00f6r\u00adper bezo\u00adgen erzeu\u00adgen sie mit ihren fei\u00adnen Schwin\u00adgun\u00adgen ein har\u00admo\u00adni\u00adsches Mit\u00adschwin\u00adgen (Reso\u00adnanz) unse\u00adrer eige\u00adnen inne\u00adren Schwin\u00adgung \u2013 bis in jede ein\u00adzel\u00adne Zel\u00adle hin\u00adein. Eine \u201cinne\u00adre Mas\u00adsa\u00adge durch Kl\u00e4n\u00adge\u201d (Klang-Mas\u00adsa\u00adge). <\/span><span style=\"color: #666699;\">Die Wir\u00adkung kann viel\u00adf\u00e4l\u00adtig sein, je nach Instru\u00adment, Spiel\u00adwei\u00adse und Absicht. Sie kann har\u00admo\u00adni\u00adsie\u00adrend, anre\u00adgend, beru\u00adhi\u00adgend, st\u00e4r\u00adkend, ent\u00adlas\u00adtend \u2026 und sehr ent\u00adspan\u00adnend sein. Sowohl \u00fcber den direk\u00adten K\u00f6r\u00adper\u00adkon\u00adtakt als auch \u00fcber das uns umge\u00adben\u00adde, nicht sicht\u00adba\u00adre fein\u00adstoff\u00adli\u00adche Feld. Kl\u00e4n\u00adge ber\u00fch\u00adren nicht nur unse\u00adren K\u00f6r\u00adper, son\u00addern auch unse\u00adren Geist und unse\u00adre See\u00adle. Sie spre\u00adchen uns in unse\u00adrer Gesamt\u00adheit an. Bis in unse\u00adrem tie\u00adfen Innerstem.<br><\/span><\/p>\n<p style=\"text-align: justify;\"><span style=\"color: #666699;\"><strong>Die Grund\u00adprin\u00adzi\u00adpi\u00aden<\/strong> mei\u00adner Arbeit sind immer: Respekt vor der W\u00fcr\u00adde und dem Ent\u00adwick\u00adlungs\u00adstand und \u2011poten\u00adti\u00adal eines jeden Men\u00adschen, eine sym\u00adptom\u00adbe\u00adwuss\u00adte sowie res\u00adsour\u00adcen- und pro\u00adzess\u00adori\u00aden\u00adtier\u00adte Haltung.<\/span><span style=\"color: #808080;\"><br><\/span><\/p>\n<h4><span style=\"color: #ff0000;\"><strong>Mein Angebot<\/strong><\/span><\/h4>\n<ul>\n<li><strong><span style=\"color: #ff6600;\">Wei\u00adter\u00adbil\u00addung Fas\u00adzi\u00aden-Klang\u00admas\u00adsa\u00adge (eige\u00adnes Kon\u00adzept ) \u2013 Teil 1 und&nbsp;2<\/span><\/strong><\/li>\n<li><strong><span style=\"color: #ff6600;\">Gong\u00adaus\u00adbil\u00addung&nbsp; Eli\u00adsa\u00adbeth Dier\u00adlich\u00ae \u2013 Teil 1 und&nbsp;2<\/span><\/strong><\/li>\n<li><strong><span style=\"color: #ff6600;\">inter\u00adne Klang\u00adpro\u00adjek\u00adte wie Klangrei\u00adsen (z.B. Salz\u00adgrot\u00adte), Fort\u00adbil\u00addun\u00adgen und Workshops&nbsp;<\/span><\/strong><\/li>\n<li><strong><span style=\"color: #ff6600;\">Klang und Kultur&nbsp;<\/span><\/strong><\/li>\n<\/ul>\n<p><span style=\"color: #666699;\">* Reso\u00adnanz bezeich\u00adnet das ver\u00adst\u00e4rk\u00adte Mit\u00adschwin\u00adgen eines schwing\u00adf\u00e4\u00adhi\u00adgen Sys\u00adtems. Als Bei\u00adspiel: wird ein Ton auf einem Kla\u00advier ange\u00adspielt, schwin\u00adgen \u00e4hn\u00adlich klin\u00adgen\u00adde Sai\u00adten einer dane\u00adben lie\u00adgen\u00adden und nicht gespiel\u00adten Gitar\u00adre mit. Auf glei\u00adche Wei\u00adse reagiert unse\u00adre k\u00f6r\u00adper\u00adei\u00adge\u00adne Schwin\u00adgung auf das Ange\u00adbot durch nat\u00fcr\u00adli\u00adche und ober\u00adton\u00adrei\u00adche Schwin\u00adgun\u00adgen: es schwingt mit. Je nach momen\u00adta\u00adner Span\u00adnung viel\u00adleicht erst nur wenig und kaum bewu\u00dft sp\u00fcr\u00adbar, doch dann immer mehr und immer feiner.<\/span><\/p>\n<h3 style=\"text-align: center;\"><span style=\"color: #ff6600;\"><em>&nbsp;<\/em><\/span><\/h3>\n<p style=\"text-align: justify;\"><span style=\"color: #808080;\"><span style=\"color: #808080;\">&nbsp;<\/span><\/span><\/p>\n<p style=\"text-align: justify;\"><span style=\"color: #808080;\">&nbsp;<\/span><\/p>\n<p style=\"text-align: justify;\"><em><span style=\"color: #6b6767;\"><span style=\"color: #6b6767;\">&nbsp;<\/span><\/span><\/em><\/p>\n\n\n<p><\/p>\n","protected":false},"excerpt":{"rendered":"<p>&nbsp;\u201eWir k\u00f6n\u00adnen den Wind nicht \u00e4ndern, aber die Segel anders set\u00adzen\u201d (Aris\u00adto\u00adte\u00adles) &nbsp; Kl\u00e4n\u00adge sind h\u00f6r- und sp\u00fcr\u00adba\u00adre Schwin\u00adgun\u00adgen Sie ber\u00fch\u00adren uns in unse\u00adrer Gesamt\u00adheit Los\u00adge\u00adl\u00f6st von Raum und Zeit&nbsp; Wert\u00advol\u00adle Ruhe-Inseln im lau\u00adten All\u00adtag &nbsp; Unser K\u00f6r\u00adper\u00adsys\u00adtem ist ein gro\u00ad\u00dfes Wun\u00adder\u00adwerk in kleins\u00adtem For\u00admat. Wie ein Apfel\u00adkern, der den Bau\u00adplan eines kom\u00adplet\u00adten Bau\u00admes&nbsp;in&nbsp;[\u2026]<\/p>\n","protected":false},"author":1,"featured_media":0,"parent":0,"menu_order":0,"comment_status":"closed","ping_status":"closed","template":"","meta":{"wp_typography_post_enhancements_disabled":false},"_links":{"self":[{"href":"https:\/\/klang-schwingung.de\/index.php?rest_route=\/wp\/v2\/pages\/2"}],"collection":[{"href":"https:\/\/klang-schwingung.de\/index.php?rest_route=\/wp\/v2\/pages"}],"about":[{"href":"https:\/\/klang-schwingung.de\/index.php?rest_route=\/wp\/v2\/types\/page"}],"author":[{"embeddable":true,"href":"https:\/\/klang-schwingung.de\/index.php?rest_route=\/wp\/v2\/users\/1"}],"replies":[{"embeddable":true,"href":"https:\/\/klang-schwingung.de\/index.php?rest_route=%2Fwp%2Fv2%2Fcomments&post=2"}],"version-history":[{"count":611,"href":"https:\/\/klang-schwingung.de\/index.php?rest_route=\/wp\/v2\/pages\/2\/revisions"}],"predecessor-version":[{"id":3396,"href":"https:\/\/klang-schwingung.de\/index.php?rest_route=\/wp\/v2\/pages\/2\/revisions\/3396"}],"wp:attachment":[{"href":"https:\/\/klang-schwingung.de\/index.php?rest_route=%2Fwp%2Fv2%2Fmedia&parent=2"}],"curies":[{"name":"wp","href":"https:\/\/api.w.org\/{rel}","templated":true}]}}