{"id":37,"date":"2015-11-11T13:34:55","date_gmt":"2015-11-11T11:34:55","guid":{"rendered":"http:\/\/klang-schwingung.de\/?page_id=37"},"modified":"2026-03-29T16:43:33","modified_gmt":"2026-03-29T15:43:33","slug":"konzerte-und-projekte","status":"publish","type":"page","link":"https:\/\/klang-schwingung.de\/?page_id=37","title":{"rendered":""},"content":{"rendered":"<h2><span style=\"color: #53ab07;\">&nbsp;&nbsp;&nbsp;&nbsp; <span style=\"color: #3f8f01;\">Gong\u2013Konzerte&nbsp;&nbsp;&nbsp;&nbsp;&nbsp;&nbsp;&nbsp;&nbsp;&nbsp;&nbsp; <\/span><\/span><span style=\"color: #3f8f01;\">Klang\u2013Geschichten&nbsp;&nbsp;&nbsp;&nbsp;&nbsp;&nbsp;&nbsp;&nbsp;&nbsp;&nbsp;&nbsp;&nbsp; Klang\u2013G\u00e4rten&nbsp;&nbsp;&nbsp;&nbsp; <\/span><span style=\"color: #53ab07;\"><br><\/span><\/h2>\n\n\t\t<style type=\"text\/css\">\n\t\t\t#gallery-1 {\n\t\t\t\tmargin: auto;\n\t\t\t}\n\t\t\t#gallery-1 .gallery-item {\n\t\t\t\tfloat: left;\n\t\t\t\tmargin-top: 10px;\n\t\t\t\ttext-align: center;\n\t\t\t\twidth: 33%;\n\t\t\t}\n\t\t\t#gallery-1 img {\n\t\t\t\tborder: 2px solid #cfcfcf;\n\t\t\t}\n\t\t\t#gallery-1 .gallery-caption {\n\t\t\t\tmargin-left: 0;\n\t\t\t}\n\t\t\t\/* see gallery_shortcode() in wp-includes\/media.php *\/\n\t\t<\/style>\n\t\t<div id=\"gallery-1\" class=\"gallery galleryid-37 gallery-columns-3 gallery-size-thumbnail\"><dl class=\"gallery-item\">\n\t\t\t<dt class=\"gallery-icon portrait\">\n\t\t\t\t<a href=\"https:\/\/klang-schwingung.de\/?attachment_id=818\"><img width=\"150\" height=\"150\" src=\"https:\/\/klang-schwingung.de\/wp-content\/uploads\/2015\/11\/M\u00fchlentag-Gongkonzert-056-150x150.jpg\" class=\"attachment-thumbnail size-thumbnail\" alt loading=\"lazy\"><\/a>\n\t\t\t<\/dt><\/dl><dl class=\"gallery-item\">\n\t\t\t<dt class=\"gallery-icon portrait\">\n\t\t\t\t<a href=\"https:\/\/klang-schwingung.de\/?attachment_id=819\"><img width=\"150\" height=\"150\" src=\"https:\/\/klang-schwingung.de\/wp-content\/uploads\/2015\/11\/M\u00fchlentag-Gongkonzert-061-150x150.jpg\" class=\"attachment-thumbnail size-thumbnail\" alt loading=\"lazy\"><\/a>\n\t\t\t<\/dt><\/dl><dl class=\"gallery-item\">\n\t\t\t<dt class=\"gallery-icon landscape\">\n\t\t\t\t<a href=\"https:\/\/klang-schwingung.de\/?attachment_id=816\"><img width=\"150\" height=\"150\" src=\"https:\/\/klang-schwingung.de\/wp-content\/uploads\/2015\/11\/Juist-Gong-1-e1527019590624-150x150.jpg\" class=\"attachment-thumbnail size-thumbnail\" alt loading=\"lazy\"><\/a>\n\t\t\t<\/dt><\/dl><br style=\"clear: both\">\n\t\t<\/div>\n\n<h3 style=\"text-align: justify;\"><span style=\"color: #99cc00;\"><strong>Klang in der Kirche. Klang an ungew\u00f6hnlichen Orten. Klangg\u00e4rten. Die<\/strong><\/span><strong><span style=\"color: #ed9613;\"><span style=\"color: #99cc00;\"> heilsame Kraft obertonreicher Instrumente wie Gongs, Klangschalen und Monochord. Verbunden mit <\/span><\/span><\/strong><span style=\"color: #99cc00;\"><strong>Phantasie, Kreativit\u00e4t, Intention&nbsp;<\/strong><strong>und <\/strong><strong>Intuition. <\/strong><strong>Konzerte, <\/strong><strong>Projekte <\/strong><strong>und <\/strong><\/span><strong><span style=\"color: #ed9613;\"><span style=\"color: #99cc00;\">Geschichten. <\/span><\/span><\/strong><strong><span style=\"color: #ed9613;\"><span style=\"color: #99cc00;\">Mitschwingen, v<\/span><\/span><\/strong><strong><span style=\"color: #ed9613;\"><span style=\"color: #99cc00;\">erzaubern lassen und inspiriert werden.<\/span><\/span><em><br><\/em><\/strong><\/h3>\n<h3><span style=\"color: #990c34;\"><a href=\"https:\/\/www.salzgrotte-wuppertal.net\/angebote-aktionen\/\"><span style=\"color: #990c34;\">Klangreisen<\/span><\/a> in der Wuppertaler Salzgrotte Salina Del Carmen<\/span><\/h3>\n<h3 style=\"text-align: justify;\"><span style=\"color: #ff9900;\"><strong>Klan<span style=\"color: #ff9900;\">gwochen<\/span> in der evangelischen Inselkirche Juist<\/strong> <strong>2026:&nbsp; &nbsp;<\/strong><\/span><span style=\"color: #99cc00;\"><strong><span style=\"color: #ff9900;\">20. \u2013 29. April Montags \u2013 Freitags: <\/span><\/strong><strong>9.00 \u2013 9.30<\/strong> <strong>Uhr<\/strong> Gongmeditation und&nbsp; <strong>19:30 \u2013 20:00 Uhr Gute \u2013 Nacht \u2013 Kl\u00e4nge. <\/strong><\/span><span style=\"color: #ff9900;\"><strong><span style=\"color: #ff9900;\">14. \u2013 23. September jeweils Montags \u2013 Freitags&nbsp; <span style=\"color: #99cc00;\">9:00 \u2013 9:30 Uhr Gongmeditation&nbsp;<span style=\"color: #ff9900;\">Montags \u2013 Donnerstags&nbsp;<\/span> <span style=\"color: #99cc00;\">19:30 \u2013 20:00 Uhr Gute-Nacht-Kl\u00e4nge <span style=\"color: #ff9900;\">(Freitags ist Abendgottesdienst)<\/span><\/span><\/span><\/span><\/strong><\/span><\/h3>\n<h4 style=\"text-align: justify;\"><span style=\"color: #99cc00;\"><strong>Zus\u00e4tzlich Verkauf<\/strong> von Klangspielen sowie Termine f\u00fcr individuelle <strong>Klang- und Faszien-Klangmassagen <\/strong>(Einzelsitzungen). <strong>Terminabsprachen <\/strong><\/span><span style=\"color: #f58c0c;\"><span style=\"color: #5c5a57;\"><span style=\"color: #3366ff;\"><span style=\"color: #99cc00;\"><strong>pers\u00f6nlich<\/strong> bei den Veranstaltungen in der Kirche oder <strong>telefonisch<\/strong> unter 0179\u20134212783<\/span><\/span><\/span><\/span>&nbsp; &nbsp; &nbsp; &nbsp; &nbsp;<\/h4>\n<h3><span style=\"color: #ff0000;\">Juister Gesundheitswoche <a href=\"http:\/\/www.juist.de\/erleben\/veranstaltung\/detail\/zwischen-himmel-und-erde-gesundheitswoche-pd0r9vyx\">Workshop<\/a> \u201cZwischen Himmel und Erde\u201d \u2013 mit meditativen Kl\u00e4ngen, sanften Bewegungen, Klangreise und einem K\u00f6rpergebet innehalten, ganz in und bei sich ankommen, wahrnehmen, verbinden.<\/span><\/h3>\n<h3><span style=\"color: #ff6600;\"><span style=\"color: #993366;\">13. \u2013 15. November: <a href=\"https:\/\/www.peter-hess-institut.de\/6-klangsymposium-nrw\/\">6. Klangsymposium<\/a> in Schlo\u00df Horst, Gelsenkirchen.&nbsp; <\/span>&nbsp;<\/span><\/h3>\n<pre class=\"western\"><span style=\"color: #c9211e;\"><span style=\"font-family: Century Gothic, sans-serif;\"><span style=\"font-size: large;\"><b><br><br>Wellness \u2013 Klangwochenende an der Zugspitze am 20. - 22. 11. 2026<\/b><\/span><\/span><\/span><br><span style=\"color: #c9211e;\"><span style=\"font-family: Century Gothic, sans-serif;\"><span style=\"font-size: small;\">Leitung: Maria Schmidt-Fieber Assistenz: Sina Wohlgefahrt<\/span><\/span><\/span><br><br><span style=\"color: #333333;\"><span style=\"font-family: Century Gothic, sans-serif;\"><span style=\"font-size: small;\">Eine wunderbare Auszeit im verlockenden Ambiente eines 4 Sterne Superior Hotels, <br>dem Zugspitz-Resort in Ehrwald, Tirol. Mit viel Klang, Wellness und Kulinarik <br>und einem erm\u00e4\u00dfigten Zimmerpreis speziell f\u00fcr unsere Gruppe. <\/span><\/span><\/span><\/pre>\n<pre class=\"western\"><span style=\"color: #333333;\"><span style=\"font-family: Century Gothic, sans-serif;\"><span style=\"font-size: small;\"><u><b>Programm:<br><\/b><\/u><\/span><\/span><\/span><span style=\"color: #333333;\"><span style=\"font-family: Century Gothic, sans-serif;\"><span style=\"font-size: small;\"><u>Donnerstag schon Anreise m\u00f6glich:<\/u><\/span><\/span><\/span><span style=\"color: #333333;\"><span style=\"font-family: Century Gothic, sans-serif;\"><span style=\"font-size: small;\"> ab 10:00 Uhr mit kostenloser Nutzung des <br>gesamten Spa-Bereichs. Das Gep\u00e4ck kann bis zur Eincheck-Zeit ab 15:00 Uhr deponiert werden. <br>Optional 13:00 \u2013 15:30 Uhr Jause \u00e0 la carte (Mittagessen). <br><\/span><\/span><\/span><span style=\"color: #333333;\"><span style=\"font-family: Century Gothic, sans-serif;\"><span style=\"font-size: small;\"><u>Freitag:<\/u><\/span><\/span><\/span><span style=\"color: #333333;\"><span style=\"font-family: Century Gothic, sans-serif;\"><span style=\"font-size: small;\">      Anreise ab 10:00 Uhr mit kostenloser Nutzung des gesamten Spa-Bereichs. <br>Das Gep\u00e4ck kann bis zur Eincheck-Zeit ab 15:00 Uhr deponiert werden. <br>Optional 13:00 \u2013 15:30 Uhr Jause \u00e0 la carte (Mittagessen). <\/span><\/span><\/span><span style=\"color: #333333;\"><span style=\"font-family: Century Gothic, sans-serif;\"><span style=\"font-size: small;\"><br>                      17:00 \u2013 18:00 Uhr Seminarzeit  <br>                      <\/span><\/span><\/span><span style=\"color: #333333;\"><span style=\"font-family: Century Gothic, sans-serif;\"><span style=\"font-size: small;\">18:00 \u2013 20:00 Uhr Abendessen  <br>                      <\/span><\/span><\/span><span style=\"color: #333333;\"><span style=\"font-family: Century Gothic, sans-serif;\"><span style=\"font-size: small;\">20:00 \u2013 21:00 Uhr Klangreise* <br><\/span><\/span><\/span><span style=\"color: #333333;\"><span style=\"font-family: Century Gothic, sans-serif;\"><span style=\"font-size: small;\"><u>Samstag:<\/u><\/span><\/span><\/span><span style=\"color: #333333;\"><span style=\"font-family: Century Gothic, sans-serif;\"><span style=\"font-size: small;\">      7:00 \u2013 10:00 Uhr Fr\u00fchst\u00fcck<\/span><\/span><\/span><br><span style=\"color: #333333;\"><span style=\"font-family: Century Gothic, sans-serif;\"><span style=\"font-size: small;\">                      10:00 \u2013 13 Uhr Seminarzeit<\/span><\/span><\/span><br><span style=\"color: #333333;\"><span style=\"font-family: Century Gothic, sans-serif;\"><span style=\"font-size: small;\">                      13:00 \u2013 15:00 Uhr Jause (Mittagessen)<\/span><\/span><\/span><br><span style=\"color: #333333;\"><span style=\"font-family: Century Gothic, sans-serif;\"><span style=\"font-size: small;\">                      15:00 \u2013 18:00 Uhr Seminar<\/span><\/span><\/span><br><span style=\"color: #333333;\"><span style=\"font-family: Century Gothic, sans-serif;\"><span style=\"font-size: small;\">                      18:00 \u2013 20:00 Uhr Abendessen<\/span><\/span><\/span><br><span style=\"color: #333333;\"><span style=\"font-family: Century Gothic, sans-serif;\"><span style=\"font-size: small;\">                      20:00 \u2013 21:00 Uhr Uhr Klangbad *<\/span><\/span><\/span><br><span style=\"color: #333333;\"><span style=\"font-family: Century Gothic, sans-serif;\"><span style=\"font-size: small;\"><u>Sonntag<\/u><\/span><\/span><\/span><span style=\"color: #333333;\"><span style=\"font-family: Century Gothic, sans-serif;\"><span style=\"font-size: small;\">        7:00 \u2013 10:00 Uhr Fr\u00fchst\u00fcck <br>                       10:30 Check out<\/span><\/span><\/span><br><span style=\"color: #333333;\"><span style=\"font-family: Century Gothic, sans-serif;\"><span style=\"font-size: small;\"><u>Optional:<\/u><\/span><\/span><\/span><span style=\"color: #333333;\"><span style=\"font-family: Century Gothic, sans-serif;\"><span style=\"font-size: small;\"> Day-Spa bis 17:00 Uhr f\u00fcr 25 \u20ac inkl. Yoga mit Sina um11:00 Uhr.<\/span><\/span><\/span><b> <br><\/b><span style=\"color: #333333;\"><span style=\"font-family: Century Gothic, sans-serif;\"><span style=\"font-size: small;\">Gep\u00e4ck kann solange deponiert werden<br><\/span><\/span><\/span><span style=\"color: #333333;\"><span style=\"font-family: Century Gothic, sans-serif;\"><span style=\"font-size: small;\"><br><\/span><\/span><\/span><span style=\"color: #333333;\"><span style=\"font-family: Century Gothic, sans-serif;\"><span style=\"font-size: small;\"><b>Seminarinhalt: <\/b><\/span><\/span><\/span><span style=\"color: #333333;\"><span style=\"font-family: Century Gothic, sans-serif;\"><span style=\"font-size: small;\">Gestaltung und Austausch von Klangmassagen mit dem Schwerpunkt <br>Faszien-Klangmassage, Zeit f\u00fcr individuelle Fragen und Wiederholungen, <br>Klangreise am Freitag und Klangbad am Samstag Abend. <br><\/span><\/span><\/span><span style=\"color: #333333;\"><span style=\"font-family: Century Gothic, sans-serif;\"><span style=\"font-size: small;\"><b>Gruppengr\u00f6\u00dfe: <\/b><\/span><\/span><\/span><span style=\"color: #333333;\"><span style=\"font-family: Century Gothic, sans-serif;\"><span style=\"font-size: small;\">mindestens 6, max. 10 TN<\/span><\/span><\/span><b> <br><\/b><span style=\"color: #333333;\"><span style=\"font-family: Century Gothic, sans-serif;\"><span style=\"font-size: small;\"><b>Seminargeb\u00fchr: <\/b>150 \u20ac <b><br>Anmeldung Seminar:&nbsp; <\/b><\/span><\/span><\/span><span style=\"color: #333333;\"><span style=\"font-family: Century Gothic, sans-serif;\"><span style=\"font-size: small;\">Maria Schmidt-Fieber: <\/span><\/span><\/span><span style=\"color: #000080;\"><u><a href=\"mailto:info@klang-schwingung.de\"><span style=\"color: #333333;\"><span style=\"font-family: Century Gothic, sans-serif;\"><span style=\"font-size: small;\">info@klang-schwingung.de<\/span><\/span><\/span><\/a><\/u><\/span><span style=\"color: #333333;\"><span style=\"font-family: Century Gothic, sans-serif;\"><span style=\"font-size: small;\"> <br>                                       www.klang-schwingung.de|<\/span><\/span><\/span><br><span style=\"font-family: Century Gothic, sans-serif;\"><span style=\"font-size: small;\">                                      Sina Wohlgefahrt: <\/span><\/span><span style=\"color: #000080;\"><span style=\"color: #333333;\"><span style=\"font-family: Century Gothic, sans-serif;\"><span style=\"font-size: small;\"><a href=\"mailto:spa@zugspitzresort.at\">spa@zugspitzresort.at<\/a> <\/span><\/span><\/span><\/span><br><span style=\"color: #000080;\"><span style=\"color: #333333;\"><span style=\"font-family: Century Gothic, sans-serif;\"><span style=\"font-size: small;\"><b>Zimmerbuchung: Direkt im Hotel <\/b><\/span><\/span><\/span><\/span><span style=\"color: #000080;\"><span style=\"color: #333333;\"><span style=\"font-family: Century Gothic, sans-serif;\"><span style=\"font-size: small;\">mit Hinweis \u201eGruppe Sina\u201c <\/span><\/span><\/span><\/span><br><span style=\"color: #000080;\"><span style=\"color: #333333;\"><span style=\"font-family: Century Gothic, sans-serif;\"><span style=\"font-size: small;\">Telefon: 0043 5673 2309 | email: <a href=\"mailto:welcome@zugspizu-resort.at\">welcome@zugspitz-resort.at<\/a> <br><\/span><\/span><\/span><\/span><span style=\"color: #000080;\"><u><a href=\"http:\/\/www.zugspitz-resort.at\/\"><span style=\"color: #333333;\"><span style=\"font-family: Century Gothic, sans-serif;\"><span style=\"font-size: small;\">www.zugspitz-resort.at<\/span><\/span><\/span><\/a><\/u><\/span><span style=\"color: #000080;\"><span style=\"color: #333333;\"><span style=\"font-family: Century Gothic, sans-serif;\"><span style=\"font-size: small;\"><b><br>Zimmerpreise pro \u00dcbernachtung <\/b><\/span><\/span><\/span><\/span><span style=\"color: #000080;\"><span style=\"color: #333333;\"><span style=\"font-family: Century Gothic, sans-serif;\"><span style=\"font-size: small;\"><b>inkl. <\/b><\/span><\/span><\/span><\/span><span style=\"color: #000080;\"><span style=\"color: #333333;\"><span style=\"font-family: Century Gothic, sans-serif;\"><span style=\"font-size: small;\"><b>Vollpension und Nutzung des Spa-Bereichs:  <br><\/b><\/span><\/span><\/span><\/span><span style=\"color: #000080;\"><span style=\"color: #333333;\"><span style=\"font-family: Century Gothic, sans-serif;\"><span style=\"font-size: small;\">Doppelzimmer als Einzelzimmer 200 \u20ac, Doppelzimmer mit 2 Personen 300 \u20ac<\/span><\/span><\/span><\/span><br><span style=\"color: #000080;\"><u><span style=\"color: #333333;\"><span style=\"font-family: Century Gothic, sans-serif;\"><span style=\"font-size: small;\">Die Zimmerpreise gelten auch f\u00fcr Begleitpersonen, bei Anreise am Donnerstag<br>und\/oder Abreise am Montag.<\/span><\/span><\/span><\/u><\/span><span style=\"color: #000080;\"><span style=\"color: #333333;\"><span style=\"font-family: Century Gothic, sans-serif;\"><span style=\"font-size: small;\"> <br>Bei weiterer Verl\u00e4ngerung vorher\/nachher: Preisabsprache mit dem Hotel. <\/span><\/span><\/span><\/span><br><br><span style=\"color: #000080;\"><span style=\"color: #333333;\"><span style=\"font-family: Century Gothic, sans-serif;\"><span style=\"font-size: small;\"><b>* <\/b><\/span><\/span><\/span><\/span><span style=\"color: #000080;\"><span style=\"color: #333333;\"><span style=\"font-family: Century Gothic, sans-serif;\"><span style=\"font-size: small;\">Die Teilnahme an Klangreise und Klangbad f\u00fcr Begleitpersonen ist platzbedingt<\/span><\/span><\/span><\/span> <br> <span style=\"color: #000080;\"><span style=\"color: #333333;\"><span style=\"font-family: Century Gothic, sans-serif;\"><span style=\"font-size: small;\">begrenzt m\u00f6glich <\/span><\/span><\/span><\/span><\/pre>\n<p><span style=\"font-family: Century Gothic, sans-serif;\"><span style=\"font-size: small;\"><strong><span style=\"color: #000080;\">&nbsp;<\/span><\/strong><\/span><\/span><\/p>\n<pre style=\"text-align: justify;\"><em><span style=\"color: #f58c0c;\">&nbsp;&nbsp;&nbsp; <\/span><\/em><\/pre>\n<p style=\"text-align: justify;\"><em><span style=\"color: #f58c0c;\"><span style=\"color: #333333;\">&nbsp;&nbsp; <\/span><\/span><\/em><em><span style=\"color: #f58c0c;\"><strong><br><\/strong><\/span><\/em><\/p>\n<p style=\"text-align: justify;\"><em><span style=\"color: #f58c0c;\"><span style=\"color: #333333;\"><span style=\"color: #f58c0c;\"><span style=\"color: #333333;\">&nbsp;<\/span><\/span><\/span><\/span><\/em><\/p>\n<p style=\"text-align: justify;\"><em>&nbsp;<\/em><\/p>\n<p><em>&nbsp;<\/em><\/p>\n\n\n<p><\/p>\n","protected":false},"excerpt":{"rendered":"<p>&nbsp;&nbsp;&nbsp;&nbsp; Gong\u2013Konzerte&nbsp;&nbsp;&nbsp;&nbsp;&nbsp;&nbsp;&nbsp;&nbsp;&nbsp;&nbsp; Klang\u2013Geschichten&nbsp;&nbsp;&nbsp;&nbsp;&nbsp;&nbsp;&nbsp;&nbsp;&nbsp;&nbsp;&nbsp;&nbsp; Klang\u2013G\u00e4rten&nbsp;&nbsp;&nbsp;&nbsp; Klang in der Kir\u00adche. Klang an unge\u00adw\u00f6hn\u00adli\u00adchen Orten. Klang\u00adg\u00e4r\u00adten. Die heil\u00adsa\u00adme Kraft ober\u00adton\u00adrei\u00adcher Instru\u00admen\u00adte wie Gongs, Klang\u00adscha\u00adlen und Mono\u00adchord. Ver\u00adbun\u00adden mit Phan\u00adta\u00adsie, Krea\u00adti\u00advi\u00adt\u00e4t, Inten\u00adti\u00adon&nbsp;und Intui\u00adti\u00adon. Kon\u00adzer\u00adte, Pro\u00adjek\u00adte und Geschich\u00adten. Mit\u00adschwin\u00adgen, ver\u00adzau\u00adbern las\u00adsen und inspi\u00adriert wer\u00adden. Klangrei\u00adsen in der Wup\u00adper\u00adta\u00adler Salz\u00adgrot\u00adte Sali\u00adna Del Car\u00admen Klang\u00adwo\u00adchen in der evan\u00adge\u00adli\u00adschen Insel\u00adkir\u00adche Juist 2026:&nbsp;20.&nbsp;[\u2026]<\/p>\n","protected":false},"author":2,"featured_media":0,"parent":0,"menu_order":0,"comment_status":"closed","ping_status":"closed","template":"","meta":{"wp_typography_post_enhancements_disabled":false},"_links":{"self":[{"href":"https:\/\/klang-schwingung.de\/index.php?rest_route=\/wp\/v2\/pages\/37"}],"collection":[{"href":"https:\/\/klang-schwingung.de\/index.php?rest_route=\/wp\/v2\/pages"}],"about":[{"href":"https:\/\/klang-schwingung.de\/index.php?rest_route=\/wp\/v2\/types\/page"}],"author":[{"embeddable":true,"href":"https:\/\/klang-schwingung.de\/index.php?rest_route=\/wp\/v2\/users\/2"}],"replies":[{"embeddable":true,"href":"https:\/\/klang-schwingung.de\/index.php?rest_route=%2Fwp%2Fv2%2Fcomments&post=37"}],"version-history":[{"count":171,"href":"https:\/\/klang-schwingung.de\/index.php?rest_route=\/wp\/v2\/pages\/37\/revisions"}],"predecessor-version":[{"id":3520,"href":"https:\/\/klang-schwingung.de\/index.php?rest_route=\/wp\/v2\/pages\/37\/revisions\/3520"}],"wp:attachment":[{"href":"https:\/\/klang-schwingung.de\/index.php?rest_route=%2Fwp%2Fv2%2Fmedia&parent=37"}],"curies":[{"name":"wp","href":"https:\/\/api.w.org\/{rel}","templated":true}]}}